{"id":27945,"date":"2022-04-22T16:26:33","date_gmt":"2022-04-22T16:26:33","guid":{"rendered":"https:\/\/www.mydemenageur.com\/blog\/?page_id=27945"},"modified":"2023-04-12T13:58:56","modified_gmt":"2023-04-12T13:58:56","slug":"service-demenagement","status":"publish","type":"page","link":"https:\/\/www.mydemenageur.com\/blog\/service-demenagement\/","title":{"rendered":"Aide au d\u00e9m\u00e9nagement entre particuliers"},"content":{"rendered":"<section class=\"wpb-content-wrapper\"><p>[vc_row][vc_column]\t\t\t<link rel=\"stylesheet\" id=\"wd-section-title-css\" href=\"https:\/\/www.mydemenageur.com\/blog\/wp-content\/themes\/woodmart\/css\/parts\/el-section-title.min.css?ver=6.5.4\" type=\"text\/css\" media=\"all\" \/> \t\t\t\t\t\t<link rel=\"stylesheet\" id=\"wd-mod-highlighted-text-css\" href=\"https:\/\/www.mydemenageur.com\/blog\/wp-content\/themes\/woodmart\/css\/parts\/mod-highlighted-text.min.css?ver=6.5.4\" type=\"text\/css\" media=\"all\" \/> \t\t\t\n\t\t<div id=\"wd-6262d995e3e5d\" class=\"title-wrapper wd-wpb set-mb-s reset-last-child  wd-rs-6262d995e3e5d wd-title-color-default wd-title-style-default text-center  wd-underline-colored\">\n\t\t\t\n\t\t\t<div class=\"liner-continer\">\n\t\t\t\t<h1 class=\"woodmart-title-container title  wd-font-weight- wd-fontsize-xxl\" >De quel service avez-vous besoin ?<\/h1>\n\t\t\t\t\t\t\t<\/div>\n\t\t\t\n\t\t\t\t\t\t\t<div class=\"title-after_title  set-cont-mb-s reset-last-child  wd-fontsize-s\">Quel que soit votre besoin, trouvez un prestataire de confiance atour de chez vous.<\/div>\n\t\t\t\n\t\t\t\n\t\t<\/div>\n\t\t\n\t\t\t\t\t<link rel=\"stylesheet\" id=\"wd-info-box-css\" href=\"https:\/\/www.mydemenageur.com\/blog\/wp-content\/themes\/woodmart\/css\/parts\/el-info-box.min.css?ver=6.5.4\" type=\"text\/css\" media=\"all\" \/> \t\t\t\t\t\t<div class=\"info-box-wrapper\">\n\t\t\t\t<div id=\"wd-6436b8c194bf1\" class=\" wd-rs-6436b8c194bf1 cursor-pointer wd-info-box wd-wpb text-left box-icon-align-left box-style- color-scheme- wd-bg-none shadow vc_custom_1681307934300\"  onclick=\"window.location.href=&quot;https:\/\/www.mydemenageur.com\/form-service\/demenagement\/depart?utm_source=blog&#038;utm_medium=landingpage&#038;utm_campaign=choice_page&#038;utm_content=demenagement&quot;\"  >\n\t\t\t\t\t\t\t\t\t\t\t<div class=\"box-icon-wrapper  box-with-icon box-icon-simple\">\n\t\t\t\t\t\t\t<div class=\"info-box-icon\">\n\n\t\t\t\t\t\t\t\n\t\t\t\t\t\t\t\t\t\t\t\t\t\t\t\t\t<img decoding=\"async\" class=\"wd-lazy-load wd-lazy-fade info-icon image-1 \" src=\"data:image\/png;base64,iVBORw0KGgoAAAANSUhEUgAAAAoAAAAKCAYAAACNMs+9AAAACXBIWXMAAA7EAAAOxAGVKw4bAAABSUlEQVQYlW3PP0gCcQDF8XfnBZeIkWeB\/0LEQRpCJBqcgmhrq6WiCCKcLBqbK2hxEXFoiaQgoySCqKmgoAgiqHAwj5KgC627FI+707z7NQmhvfkzvC8AYGs\/E\/qemrvN7e4s4p\/xqTUbAwBXJ6fTzpIwJBydOQHEmyC9vjTocrsmS6rsZgDALIsPLEfBXBdfLJs8O9+4H4hwwsJnuTL7IZaTb0JxhgmsHPvlw9jItUfEe1c42PhSihRLrKIkHTxmc45oIi0BAJMn1pt8JGmnq2WQHoeVaD\/IvFLLQYspHk2kjeYNxpa9tEuhUZBuDtBq4OpVnKdW7\/yVJ+NvED1+sQGq8Ayi1QAQeIs8WGLytZbT4X4fTDUZpCqDqAo6VQWGQfraYGBsGBMeALoBYhDIHQx0w\/C0wb3YtlLQaEBvALoOvtcLFcTZCn8B4AKLb\/qsqNUAAAAASUVORK5CYII=\" data-wood-src=\"https:\/\/www.mydemenageur.com\/blog\/wp-content\/uploads\/2022\/05\/Superdem-128x128.png\" width=\"128\" height=\"128\" alt=\"Super demenageur\" title=\"Superdem\" \/>\t\t\t\t\t\t\t\t\t\t\t\t\t\t\t\n\t\t\t\t\t\t\t<\/div>\n\t\t\t\t\t\t<\/div>\n\t\t\t\t\t\t\t\t\t\t<div class=\"info-box-content\">\n\t\t\t\t\t\t<h2 class=\"info-box-title title wd-font-weight- box-title-style-default wd-fontsize-xl\">D\u00e9m\u00e9nagement<\/h2>\t\t\t\t\t\t<div class=\"info-box-inner set-cont-mb-s reset-last-child\">\n\t\t\t\t\t\t\t<p>Trouvez des gros bras de confiance pour votre d\u00e9m\u00e9nagement.<\/p>\n\t\t\t\t\t\t<\/div>\n\n\t\t\t\t\t\t\t\t\t\t\t<\/div>\n\n\t\t\t\t\t\t\t\t\t<\/div>\n\t\t\t<\/div>\n\t\t\t\t\t<div class=\"info-box-wrapper\">\n\t\t\t\t<div id=\"wd-62862c6d7afec\" class=\" wd-rs-62862c6d7afec cursor-pointer wd-info-box wd-wpb text-left box-icon-align-left box-style- color-scheme- wd-bg-none shadow vc_custom_1652960379102\"  onclick=\"window.location.href=&quot;https:\/\/www.mydemenageur.com\/ask-service\/bricolage?utm_source=blog&#038;utm_medium=landingpage&#038;utm_campaign=choice_page&#038;utm_content=bricolage&quot;\"  >\n\t\t\t\t\t\t\t\t\t\t\t<div class=\"box-icon-wrapper  box-with-icon box-icon-simple\">\n\t\t\t\t\t\t\t<div class=\"info-box-icon\">\n\n\t\t\t\t\t\t\t\n\t\t\t\t\t\t\t\t\t\t\t\t\t\t\t\t\t<img decoding=\"async\" class=\"wd-lazy-load wd-lazy-fade info-icon image-1 \" src=\"data:image\/png;base64,iVBORw0KGgoAAAANSUhEUgAAAAoAAAAKCAYAAACNMs+9AAAACXBIWXMAAA7EAAAOxAGVKw4bAAABcUlEQVQYlV2PTyhDcQDHv+\/3njdvW0u2If85LLaVrcYOciAO\/g854eTg5uDEhSvlNiUuDkuSlEJSLoxESjQURaM9C5lZm+f33t5zmuR7+36\/n771ZfBPDS7PEpWpYqusHglsrqqZnP0LnW4FidusLdP3qNdMk9OHD2El05HBngFjxtR1NKjO0pIDA6971As6+neEXL8IgwBAHT4+WdA4yl\/eewQWhRDJeih47gSAud5WJ+Os8a2FLjb67\/yB7aBW1NbkyoFqNWNl5wqeEjZFEx+Oef8MYae6vc\/jVjtlO1sXREWFIgigchr7e7vISr1lqbJk77Nb9plJX\/OJrSA3Gvliu0RrCxa3XqF9RVCoj6BWvZEMFp1iL84jXCxFh49un\/zxq\/Cn6KoySWkOkBN4+4xDTsUkoajC\/SGz2b+vZpn8HZNtSuPKxzTO3K5xOV6tnrd+h47OCACQDBjXl4kJxgDQGNR0EmmVgUSM\/PHQBAGAH328kSpV27xEAAAAAElFTkSuQmCC\" data-wood-src=\"https:\/\/www.mydemenageur.com\/blog\/wp-content\/uploads\/2022\/05\/Superman-128x128.png\" width=\"128\" height=\"128\" alt=\"Superman bricoleur\" title=\"Superman\" \/>\t\t\t\t\t\t\t\t\t\t\t\t\t\t\t\n\t\t\t\t\t\t\t<\/div>\n\t\t\t\t\t\t<\/div>\n\t\t\t\t\t\t\t\t\t\t<div class=\"info-box-content\">\n\t\t\t\t\t\t<h2 class=\"info-box-title title wd-font-weight- box-title-style-default wd-fontsize-xl\">Bricolage<\/h2>\t\t\t\t\t\t<div class=\"info-box-inner set-cont-mb-s reset-last-child\">\n\t\t\t\t\t\t\t<p>Faites appel \u00e0 nos gros bras, partout en France et en quelques minutes.<\/p>\n\t\t\t\t\t\t<\/div>\n\n\t\t\t\t\t\t\t\t\t\t\t<\/div>\n\n\t\t\t\t\t\t\t\t\t<\/div>\n\t\t\t<\/div>\n\t\t\t\t\t<div class=\"info-box-wrapper\">\n\t\t\t\t<div id=\"wd-62862c7d46f16\" class=\" wd-rs-62862c7d46f16 cursor-pointer wd-info-box wd-wpb text-left box-icon-align-left box-style- color-scheme- wd-bg-none shadow vc_custom_1652960404657\"  onclick=\"window.location.href=&quot;https:\/\/www.mydemenageur.com\/ask-service\/menage-a-domicile?utm_source=blog&#038;utm_medium=landingpage&#038;utm_campaign=choice_page&#038;utm_content=menage&quot;\"  >\n\t\t\t\t\t\t\t\t\t\t\t<div class=\"box-icon-wrapper  box-with-icon box-icon-simple\">\n\t\t\t\t\t\t\t<div class=\"info-box-icon\">\n\n\t\t\t\t\t\t\t\n\t\t\t\t\t\t\t\t\t\t\t\t\t\t\t\t\t<img decoding=\"async\" class=\"wd-lazy-load wd-lazy-fade info-icon image-1 \" src=\"data:image\/png;base64,iVBORw0KGgoAAAANSUhEUgAAAAoAAAAKCAYAAACNMs+9AAAACXBIWXMAAA7EAAAOxAGVKw4bAAABb0lEQVQYlV2POywDAQCG\/55yjuvVo\/RUQxF9cJZ6BhHSSSQSoTGJEonBJIRRIgxmu0lMEo+JgSvxiLZEFyXRx6mk9Wqr59XKqUnS+LY\/37f8QBqfPXMzz9MrzruJZSP+IU8fu6HzIf7TxWlyyXYA1+mOcO7vLO1trz8ETy+aBCYVrqhUwFinb4wtrBHpoWx+diql0mhhzGSx+SKCEuwoNzSjO1F0WEJS1q17oSHaadJk2LhWPx2MdvEclx2o0iMqpyHWmHHgC5TrboTxVcXPqFJXGifcgsgeG7i8gNuDzPxCSC0WRBkVtLwDvMvOmLxeDNSWMfICj+\/oyXECdX0R9PBBVqwFSdPQgILyoxQh\/xdijw8swRIKl0pSrn6\/RpCMx0DHwni\/ugST+EIWSeI7LO6b2zqaiTH\/RtI6PTgsJqVwPBjEo\/cWb\/F3hNSsXZQSk5Ic\/QAg+7tv6bWekZG7JiKHAd03giqKql609d3++V+KgYncFwOriQAAAABJRU5ErkJggg==\" data-wood-src=\"https:\/\/www.mydemenageur.com\/blog\/wp-content\/uploads\/2022\/05\/Supermenage-128x128.png\" width=\"128\" height=\"128\" alt=\"Super menage\" title=\"Supermenage\" \/>\t\t\t\t\t\t\t\t\t\t\t\t\t\t\t\n\t\t\t\t\t\t\t<\/div>\n\t\t\t\t\t\t<\/div>\n\t\t\t\t\t\t\t\t\t\t<div class=\"info-box-content\">\n\t\t\t\t\t\t<h2 class=\"info-box-title title wd-font-weight- box-title-style-default wd-fontsize-xl\">M\u00e9nage<\/h2>\t\t\t\t\t\t<div class=\"info-box-inner set-cont-mb-s reset-last-child\">\n\t\t\t\t\t\t\t<\/p>\n<p class=\"xl:text-5xl text-3xl font-bold xl:pr-12 pt-4\">Gagnez du temps en confiant votre m\u00e9nage \u00e0 nos Gros Bras.<\/p>\n<p>\n\t\t\t\t\t\t<\/div>\n\n\t\t\t\t\t\t\t\t\t\t\t<\/div>\n\n\t\t\t\t\t\t\t\t\t<\/div>\n\t\t\t<\/div>\n\t\t\t\t\t<div class=\"info-box-wrapper\">\n\t\t\t\t<div id=\"wd-62862c9737c5b\" class=\" wd-rs-62862c9737c5b cursor-pointer wd-info-box wd-wpb text-left box-icon-align-left box-style- color-scheme- wd-bg-none shadow vc_custom_1652960432093\"  onclick=\"window.location.href=&quot;https:\/\/www.mydemenageur.com\/aide-demenagement\/echange-cartons?utm_source=blog&#038;utm_medium=landingpage&#038;utm_campaign=choice_page&#038;utm_content=cartons&quot;\"  >\n\t\t\t\t\t\t\t\t\t\t\t<div class=\"box-icon-wrapper  box-with-icon box-icon-simple\">\n\t\t\t\t\t\t\t<div class=\"info-box-icon\">\n\n\t\t\t\t\t\t\t\n\t\t\t\t\t\t\t\t\t\t\t\t\t\t\t\t\t<img decoding=\"async\" class=\"wd-lazy-load wd-lazy-fade info-icon image-1 \" src=\"data:image\/png;base64,iVBORw0KGgoAAAANSUhEUgAAAAoAAAAKCAYAAACNMs+9AAAACXBIWXMAAA7EAAAOxAGVKw4bAAABTElEQVQYlW2Pu0tCYQDFj9eLz9stUwvFzAIzEhssxQhqapBAgppyKYhoamjo\/5CcXFsiXFoiIhoja5HoQeYQBnG9mI+vm9dX39dSEOUPfss5cOAAXRgVLWsBp4tFxyceAeBwPbbL13SBSI2qsGvFPPQGYiQXnbFmq9VrNmAzPEl2oqEEp8GRJqN1bLvQk9BSCsVIG1QwZO9KL9Oe5RjfdtjwRFVvPJnK84TVczJjLRsvULGje34oyZGCRYBldgqhjS34KTMgmeK4BVo7VTStGcLqw4rP7Q8KnsUGNAdDLu8lo0zqVGv33X4AALLH525ZrrTLVeWtXFX2iFIPcwD+SStlpZi5fpVubk1NtbHa\/lD7OQD0r8H4SpkXTWekWJAYeQ9YB60n\/PfKP\/rsA3NUb5advhEJAMf\/6igA7iqdXmo0P+frFZIz63X7P\/kXcWKP\/10FRcwAAAAASUVORK5CYII=\" data-wood-src=\"https:\/\/www.mydemenageur.com\/blog\/wp-content\/uploads\/2022\/05\/Superwoman-128x128.png\" width=\"128\" height=\"128\" alt=\"Superwoman carton\" title=\"Superwoman\" \/>\t\t\t\t\t\t\t\t\t\t\t\t\t\t\t\n\t\t\t\t\t\t\t<\/div>\n\t\t\t\t\t\t<\/div>\n\t\t\t\t\t\t\t\t\t\t<div class=\"info-box-content\">\n\t\t\t\t\t\t<h2 class=\"info-box-title title wd-font-weight- box-title-style-default wd-fontsize-xl\">Cartons<\/h2>\t\t\t\t\t\t<div class=\"info-box-inner set-cont-mb-s reset-last-child\">\n\t\t\t\t\t\t\t<\/p>\n<p class=\"xl:text-5xl text-3xl font-bold xl:pr-12 pt-4\">Donnez vos cartons ou recevez gratuitement du mat\u00e9riel d&#8217;emballage de particuliers.<\/p>\n<p>\n\t\t\t\t\t\t<\/div>\n\n\t\t\t\t\t\t\t\t\t\t\t<\/div>\n\n\t\t\t\t\t\t\t\t\t<\/div>\n\t\t\t<\/div>\n\t\t\t\t\t<div class=\"info-box-wrapper\">\n\t\t\t\t<div id=\"wd-62862cb1e9acf\" class=\" wd-rs-62862cb1e9acf cursor-pointer wd-info-box wd-wpb text-left box-icon-align-left box-style- color-scheme- wd-bg-none shadow vc_custom_1652960446107\"  onclick=\"window.location.href=&quot;https:\/\/www.mydemenageur.com\/blog\/devis\/?utm_source=blog&#038;utm_medium=content&#038;utm_campaign=choice_page&#038;utm_content=devis&quot;\"  >\n\t\t\t\t\t\t\t\t\t\t\t<div class=\"box-icon-wrapper  box-with-icon box-icon-simple\">\n\t\t\t\t\t\t\t<div class=\"info-box-icon\">\n\n\t\t\t\t\t\t\t\n\t\t\t\t\t\t\t\t\t\t\t\t\t\t\t\t\t<img decoding=\"async\" class=\"wd-lazy-load wd-lazy-fade info-icon image-1 \" src=\"data:image\/jpg;base64,\/9j\/4AAQSkZJRgABAQEAYABgAAD\/\/gA7Q1JFQVRPUjogZ2QtanBlZyB2MS4wICh1c2luZyBJSkcgSlBFRyB2ODApLCBxdWFsaXR5ID0gODIK\/9sAQwAGBAQFBAQGBQUFBgYGBwkOCQkICAkSDQ0KDhUSFhYVEhQUFxohHBcYHxkUFB0nHR8iIyUlJRYcKSwoJCshJCUk\/9sAQwEGBgYJCAkRCQkRJBgUGCQkJCQkJCQkJCQkJCQkJCQkJCQkJCQkJCQkJCQkJCQkJCQkJCQkJCQkJCQkJCQkJCQk\/8AAEQgACgAKAwEiAAIRAQMRAf\/EAB8AAAEFAQEBAQEBAAAAAAAAAAABAgMEBQYHCAkKC\/\/EALUQAAIBAwMCBAMFBQQEAAABfQECAwAEEQUSITFBBhNRYQcicRQygZGhCCNCscEVUtHwJDNicoIJChYXGBkaJSYnKCkqNDU2Nzg5OkNERUZHSElKU1RVVldYWVpjZGVmZ2hpanN0dXZ3eHl6g4SFhoeIiYqSk5SVlpeYmZqio6Slpqeoqaqys7S1tre4ubrCw8TFxsfIycrS09TV1tfY2drh4uPk5ebn6Onq8fLz9PX29\/j5+v\/EAB8BAAMBAQEBAQEBAQEAAAAAAAABAgMEBQYHCAkKC\/\/EALURAAIBAgQEAwQHBQQEAAECdwABAgMRBAUhMQYSQVEHYXETIjKBCBRCkaGxwQkjM1LwFWJy0QoWJDThJfEXGBkaJicoKSo1Njc4OTpDREVGR0hJSlNUVVZXWFlaY2RlZmdoaWpzdHV2d3h5eoKDhIWGh4iJipKTlJWWl5iZmqKjpKWmp6ipqrKztLW2t7i5usLDxMXGx8jJytLT1NXW19jZ2uLj5OXm5+jp6vLz9PX29\/j5+v\/aAAwDAQACEQMRAD8As6\/448eP4sv10FDPYBkXY5DFE28lRkfNkE4wc4967608Y6k9rC1xBGkxRTIuG+Vscjp61hQ2dsbqW4NvD50kuXk2Dcx56nqep\/OoHupw7ATygAngMaqtWvKyVtvyKpU7K7Z\/\/9k=\" data-wood-src=\"https:\/\/www.mydemenageur.com\/blog\/wp-content\/uploads\/2018\/03\/demenageurs-professionnels-thumb-128x128.jpg\" width=\"128\" height=\"128\" alt=\"demenageurs pro en action\" title=\"demenageurs-professionnels-thumb\" \/>\t\t\t\t\t\t\t\t\t\t\t\t\t\t\t\n\t\t\t\t\t\t\t<\/div>\n\t\t\t\t\t\t<\/div>\n\t\t\t\t\t\t\t\t\t\t<div class=\"info-box-content\">\n\t\t\t\t\t\t<h2 class=\"info-box-title title wd-font-weight- box-title-style-default wd-fontsize-xl\">D\u00e9m\u00e9nagement professionnel<\/h2>\t\t\t\t\t\t<div class=\"info-box-inner set-cont-mb-s reset-last-child\">\n\t\t\t\t\t\t\t<\/p>\n<p class=\"xl:text-5xl text-3xl font-bold xl:pr-12 pt-4\">Recevez un devis de d\u00e9manageur professionnel en 1 heure.<\/p>\n<p>\n\t\t\t\t\t\t<\/div>\n\n\t\t\t\t\t\t\t\t\t\t\t<\/div>\n\n\t\t\t\t\t\t\t\t\t<\/div>\n\t\t\t<\/div>\n\t\t[\/vc_column][\/vc_row]<\/p>\n<\/section>","protected":false},"excerpt":{"rendered":"<p>[vc_row][vc_column][\/vc_column][\/vc_row]<\/p>\n","protected":false},"author":6,"featured_media":0,"parent":0,"menu_order":0,"comment_status":"closed","ping_status":"closed","template":"","meta":{"_lmt_disableupdate":"","_lmt_disable":"","footnotes":""},"yoast_head":"<!-- This site is optimized with the Yoast SEO Premium plugin v24.2 (Yoast SEO v24.5) - https:\/\/yoast.com\/wordpress\/plugins\/seo\/ -->\n<title>Aide au d\u00e9m\u00e9nagement entre particuliers - MyDemenageur<\/title>\n<meta name=\"description\" content=\"D\u00e9m\u00e9nagement entre particuliers - Aide au bricolage et \u00e0 la r\u00e9novation - Aide m\u00e9nag\u00e8re - Echange de cartons - Devis d\u00e9m\u00e9nagement professionnel.\" \/>\n<meta name=\"robots\" content=\"index, follow, max-snippet:-1, max-image-preview:large, max-video-preview:-1\" \/>\n<link rel=\"canonical\" href=\"https:\/\/www.mydemenageur.com\/blog\/service-demenagement\/\" \/>\n<meta property=\"og:locale\" content=\"fr_FR\" \/>\n<meta property=\"og:type\" content=\"article\" \/>\n<meta property=\"og:title\" content=\"Aide au d\u00e9m\u00e9nagement entre particuliers\" \/>\n<meta property=\"og:description\" content=\"D\u00e9m\u00e9nagement entre particuliers - Aide au bricolage et \u00e0 la r\u00e9novation - Aide m\u00e9nag\u00e8re - Echange de cartons - Devis d\u00e9m\u00e9nagement professionnel.\" \/>\n<meta property=\"og:url\" content=\"https:\/\/www.mydemenageur.com\/blog\/service-demenagement\/\" \/>\n<meta property=\"og:site_name\" content=\"MyDemenageur\" \/>\n<meta property=\"article:publisher\" content=\"https:\/\/www.facebook.com\/mydemenageur\" \/>\n<meta property=\"article:modified_time\" content=\"2023-04-12T13:58:56+00:00\" \/>\n<meta name=\"twitter:card\" content=\"summary_large_image\" \/>\n<meta name=\"twitter:site\" content=\"@mydemenageur\" \/>\n<meta name=\"twitter:label1\" content=\"Dur\u00e9e de lecture estim\u00e9e\" \/>\n\t<meta name=\"twitter:data1\" content=\"1 minute\" \/>\n<script type=\"application\/ld+json\" class=\"yoast-schema-graph\">{\"@context\":\"https:\/\/schema.org\",\"@graph\":[{\"@type\":\"WebPage\",\"@id\":\"https:\/\/www.mydemenageur.com\/blog\/service-demenagement\/\",\"url\":\"https:\/\/www.mydemenageur.com\/blog\/service-demenagement\/\",\"name\":\"Aide au d\u00e9m\u00e9nagement entre particuliers - MyDemenageur\",\"isPartOf\":{\"@id\":\"https:\/\/www.mydemenageur.com\/blog\/#website\"},\"datePublished\":\"2022-04-22T16:26:33+00:00\",\"dateModified\":\"2023-04-12T13:58:56+00:00\",\"description\":\"D\u00e9m\u00e9nagement entre particuliers - Aide au bricolage et \u00e0 la r\u00e9novation - Aide m\u00e9nag\u00e8re - Echange de cartons - Devis d\u00e9m\u00e9nagement professionnel.\",\"breadcrumb\":{\"@id\":\"https:\/\/www.mydemenageur.com\/blog\/service-demenagement\/#breadcrumb\"},\"inLanguage\":\"fr-FR\",\"potentialAction\":[{\"@type\":\"ReadAction\",\"target\":[\"https:\/\/www.mydemenageur.com\/blog\/service-demenagement\/\"]}]},{\"@type\":\"BreadcrumbList\",\"@id\":\"https:\/\/www.mydemenageur.com\/blog\/service-demenagement\/#breadcrumb\",\"itemListElement\":[{\"@type\":\"ListItem\",\"position\":1,\"name\":\"Accueil\",\"item\":\"https:\/\/www.mydemenageur.com\/blog\/\"},{\"@type\":\"ListItem\",\"position\":2,\"name\":\"Aide au d\u00e9m\u00e9nagement entre particuliers\"}]},{\"@type\":\"WebSite\",\"@id\":\"https:\/\/www.mydemenageur.com\/blog\/#website\",\"url\":\"https:\/\/www.mydemenageur.com\/blog\/\",\"name\":\"MyDemenageur\",\"description\":\"Conseils d\u00e9m\u00e9ngement entre particuliers et d\u00e9m\u00e9nagement professionnel\",\"publisher\":{\"@id\":\"https:\/\/www.mydemenageur.com\/blog\/#organization\"},\"potentialAction\":[{\"@type\":\"SearchAction\",\"target\":{\"@type\":\"EntryPoint\",\"urlTemplate\":\"https:\/\/www.mydemenageur.com\/blog\/?s={search_term_string}\"},\"query-input\":{\"@type\":\"PropertyValueSpecification\",\"valueRequired\":true,\"valueName\":\"search_term_string\"}}],\"inLanguage\":\"fr-FR\"},{\"@type\":\"Organization\",\"@id\":\"https:\/\/www.mydemenageur.com\/blog\/#organization\",\"name\":\"MyDemenageur.com\",\"url\":\"https:\/\/www.mydemenageur.com\/blog\/\",\"logo\":{\"@type\":\"ImageObject\",\"inLanguage\":\"fr-FR\",\"@id\":\"https:\/\/www.mydemenageur.com\/blog\/#\/schema\/logo\/image\/\",\"url\":\"https:\/\/www.mydemenageur.com\/blog\/wp-content\/uploads\/2022\/05\/MyDemenageur_Symbol.jpg\",\"contentUrl\":\"https:\/\/www.mydemenageur.com\/blog\/wp-content\/uploads\/2022\/05\/MyDemenageur_Symbol.jpg\",\"width\":878,\"height\":877,\"caption\":\"MyDemenageur.com\"},\"image\":{\"@id\":\"https:\/\/www.mydemenageur.com\/blog\/#\/schema\/logo\/image\/\"},\"sameAs\":[\"https:\/\/www.facebook.com\/mydemenageur\",\"https:\/\/x.com\/mydemenageur\",\"https:\/\/www.pinterest.fr\/mydemenageur\/\"]}]}<\/script>\n<!-- \/ Yoast SEO Premium plugin. -->","yoast_head_json":{"title":"Aide au d\u00e9m\u00e9nagement entre particuliers - MyDemenageur","description":"D\u00e9m\u00e9nagement entre particuliers - Aide au bricolage et \u00e0 la r\u00e9novation - Aide m\u00e9nag\u00e8re - Echange de cartons - Devis d\u00e9m\u00e9nagement professionnel.","robots":{"index":"index","follow":"follow","max-snippet":"max-snippet:-1","max-image-preview":"max-image-preview:large","max-video-preview":"max-video-preview:-1"},"canonical":"https:\/\/www.mydemenageur.com\/blog\/service-demenagement\/","og_locale":"fr_FR","og_type":"article","og_title":"Aide au d\u00e9m\u00e9nagement entre particuliers","og_description":"D\u00e9m\u00e9nagement entre particuliers - Aide au bricolage et \u00e0 la r\u00e9novation - Aide m\u00e9nag\u00e8re - Echange de cartons - Devis d\u00e9m\u00e9nagement professionnel.","og_url":"https:\/\/www.mydemenageur.com\/blog\/service-demenagement\/","og_site_name":"MyDemenageur","article_publisher":"https:\/\/www.facebook.com\/mydemenageur","article_modified_time":"2023-04-12T13:58:56+00:00","twitter_card":"summary_large_image","twitter_site":"@mydemenageur","twitter_misc":{"Dur\u00e9e de lecture estim\u00e9e":"1 minute"},"schema":{"@context":"https:\/\/schema.org","@graph":[{"@type":"WebPage","@id":"https:\/\/www.mydemenageur.com\/blog\/service-demenagement\/","url":"https:\/\/www.mydemenageur.com\/blog\/service-demenagement\/","name":"Aide au d\u00e9m\u00e9nagement entre particuliers - MyDemenageur","isPartOf":{"@id":"https:\/\/www.mydemenageur.com\/blog\/#website"},"datePublished":"2022-04-22T16:26:33+00:00","dateModified":"2023-04-12T13:58:56+00:00","description":"D\u00e9m\u00e9nagement entre particuliers - Aide au bricolage et \u00e0 la r\u00e9novation - Aide m\u00e9nag\u00e8re - Echange de cartons - Devis d\u00e9m\u00e9nagement professionnel.","breadcrumb":{"@id":"https:\/\/www.mydemenageur.com\/blog\/service-demenagement\/#breadcrumb"},"inLanguage":"fr-FR","potentialAction":[{"@type":"ReadAction","target":["https:\/\/www.mydemenageur.com\/blog\/service-demenagement\/"]}]},{"@type":"BreadcrumbList","@id":"https:\/\/www.mydemenageur.com\/blog\/service-demenagement\/#breadcrumb","itemListElement":[{"@type":"ListItem","position":1,"name":"Accueil","item":"https:\/\/www.mydemenageur.com\/blog\/"},{"@type":"ListItem","position":2,"name":"Aide au d\u00e9m\u00e9nagement entre particuliers"}]},{"@type":"WebSite","@id":"https:\/\/www.mydemenageur.com\/blog\/#website","url":"https:\/\/www.mydemenageur.com\/blog\/","name":"MyDemenageur","description":"Conseils d\u00e9m\u00e9ngement entre particuliers et d\u00e9m\u00e9nagement professionnel","publisher":{"@id":"https:\/\/www.mydemenageur.com\/blog\/#organization"},"potentialAction":[{"@type":"SearchAction","target":{"@type":"EntryPoint","urlTemplate":"https:\/\/www.mydemenageur.com\/blog\/?s={search_term_string}"},"query-input":{"@type":"PropertyValueSpecification","valueRequired":true,"valueName":"search_term_string"}}],"inLanguage":"fr-FR"},{"@type":"Organization","@id":"https:\/\/www.mydemenageur.com\/blog\/#organization","name":"MyDemenageur.com","url":"https:\/\/www.mydemenageur.com\/blog\/","logo":{"@type":"ImageObject","inLanguage":"fr-FR","@id":"https:\/\/www.mydemenageur.com\/blog\/#\/schema\/logo\/image\/","url":"https:\/\/www.mydemenageur.com\/blog\/wp-content\/uploads\/2022\/05\/MyDemenageur_Symbol.jpg","contentUrl":"https:\/\/www.mydemenageur.com\/blog\/wp-content\/uploads\/2022\/05\/MyDemenageur_Symbol.jpg","width":878,"height":877,"caption":"MyDemenageur.com"},"image":{"@id":"https:\/\/www.mydemenageur.com\/blog\/#\/schema\/logo\/image\/"},"sameAs":["https:\/\/www.facebook.com\/mydemenageur","https:\/\/x.com\/mydemenageur","https:\/\/www.pinterest.fr\/mydemenageur\/"]}]}},"_links":{"self":[{"href":"https:\/\/www.mydemenageur.com\/blog\/wp-json\/wp\/v2\/pages\/27945"}],"collection":[{"href":"https:\/\/www.mydemenageur.com\/blog\/wp-json\/wp\/v2\/pages"}],"about":[{"href":"https:\/\/www.mydemenageur.com\/blog\/wp-json\/wp\/v2\/types\/page"}],"author":[{"embeddable":true,"href":"https:\/\/www.mydemenageur.com\/blog\/wp-json\/wp\/v2\/users\/6"}],"replies":[{"embeddable":true,"href":"https:\/\/www.mydemenageur.com\/blog\/wp-json\/wp\/v2\/comments?post=27945"}],"version-history":[{"count":0,"href":"https:\/\/www.mydemenageur.com\/blog\/wp-json\/wp\/v2\/pages\/27945\/revisions"}],"wp:attachment":[{"href":"https:\/\/www.mydemenageur.com\/blog\/wp-json\/wp\/v2\/media?parent=27945"}],"curies":[{"name":"wp","href":"https:\/\/api.w.org\/{rel}","templated":true}]}}